{"id":71,"date":"2017-08-30T09:07:37","date_gmt":"2017-08-30T07:07:37","guid":{"rendered":"http:\/\/neutrea.com\/langen\/?page_id=71"},"modified":"2021-10-05T10:50:07","modified_gmt":"2021-10-05T08:50:07","slug":"czas-i-koszt-dostawy","status":"publish","type":"page","link":"https:\/\/neutrea.com\/langen\/czas-i-koszt-dostawy\/","title":{"rendered":"Czas i koszt dostawy"},"content":{"rendered":"<div id=\"dslc-theme-content\"><div id=\"dslc-theme-content-inner\"><p><strong>CZAS I KOSZTY DOSTAWY<\/strong><\/p>\n<p>Dostawa realizowana jest w wybrany z poni\u017cszych sposob\u00f3w<\/p>\n<p>&#8211;\u00a0Poczta Polska Kurier 48 &#8211; 13z\u0142<br \/>\n&#8211; Kurier InPost \u2013 14 z\u0142<\/p>\n<p><strong>Czas dostarczenia przesy\u0142ki<\/strong><br \/>\nOd momentu zaksi\u0119gowania pieni\u0119dzy, przygotowanie paczki zajmuje do 24 godzin (dni robocze). Gdy przesy\u0142ka b\u0119dzie gotowa do wysy\u0142ki, powiadomimy Ci\u0119 o tym w e-mailu. Po opuszczeniu magazynu dostawa paczki trwa od 1 do 5 dni roboczych, w zale\u017cno\u015bci od wybranej metody wysy\u0142ki.<\/p>\n<p><strong>WYSY\u0141KA ZA GRANIC\u0118<\/strong><\/p>\n<p>Koszty wysy\u0142ki do kraj\u00f3w Unii Europejskiej: 30 z\u0142<br \/>\nNie ma ogranicze\u0144 zwi\u0105zanych z krajem do kt\u00f3rego realizowana jest wysy\u0142ka. Przy zam\u00f3wieniu do kraju nie b\u0119d\u0105cego cz\u0142onkiem Unii Europejskiej, koszty dostawy s\u0105 wyliczane indywidualnie. Prosimy o kontakt<\/p>\n<p><strong>JAK P\u0141ACI\u0106?<\/strong><\/p>\n<p><strong>Umo\u017cliwiamy nast\u0119puj\u0105ce sposoby p\u0142atno\u015bci:<\/strong><\/p>\n<p><strong>Przelewy24<\/strong><\/p>\n<p><strong>Przelew bankowy<\/strong><\/p>\n<p><strong>PayPal<\/strong><\/p>\n<\/div><\/div>","protected":false},"excerpt":{"rendered":"<p>CZAS I KOSZTY DOSTAWY Dostawa realizowana jest w wybrany z poni\u017cszych sposob\u00f3w &#8211;\u00a0Poczta Polska Kurier 48 &#8211; 13z\u0142 &#8211; Kurier InPost \u2013 14 z\u0142 Czas dostarczenia przesy\u0142ki Od momentu zaksi\u0119gowania pieni\u0119dzy, przygotowanie paczki zajmuje do 24 godzin (dni robocze). Gdy przesy\u0142ka b\u0119dzie gotowa do wysy\u0142ki, powiadomimy Ci\u0119 o tym w e-mailu. Po opuszczeniu magazynu dostawa [&hellip;]<\/p>\n","protected":false},"author":1,"featured_media":0,"parent":0,"menu_order":0,"comment_status":"closed","ping_status":"closed","template":"","meta":[],"aioseo_notices":[],"_links":{"self":[{"href":"https:\/\/neutrea.com\/langen\/wp-json\/wp\/v2\/pages\/71"}],"collection":[{"href":"https:\/\/neutrea.com\/langen\/wp-json\/wp\/v2\/pages"}],"about":[{"href":"https:\/\/neutrea.com\/langen\/wp-json\/wp\/v2\/types\/page"}],"author":[{"embeddable":true,"href":"https:\/\/neutrea.com\/langen\/wp-json\/wp\/v2\/users\/1"}],"replies":[{"embeddable":true,"href":"https:\/\/neutrea.com\/langen\/wp-json\/wp\/v2\/comments?post=71"}],"version-history":[{"count":4,"href":"https:\/\/neutrea.com\/langen\/wp-json\/wp\/v2\/pages\/71\/revisions"}],"predecessor-version":[{"id":286,"href":"https:\/\/neutrea.com\/langen\/wp-json\/wp\/v2\/pages\/71\/revisions\/286"}],"wp:attachment":[{"href":"https:\/\/neutrea.com\/langen\/wp-json\/wp\/v2\/media?parent=71"}],"curies":[{"name":"wp","href":"https:\/\/api.w.org\/{rel}","templated":true}]}}